{"id":1174,"date":"2024-04-19T10:26:50","date_gmt":"2024-04-19T08:26:50","guid":{"rendered":"https:\/\/www.croatiaforchrist.com\/?page_id=1174"},"modified":"2024-10-31T14:12:17","modified_gmt":"2024-10-31T13:12:17","slug":"leadership-and-team","status":"publish","type":"page","link":"https:\/\/www.croatiaforchrist.com\/en\/about-us\/leadership-and-team\/","title":{"rendered":"Leadership and team"},"content":{"rendered":"<div data-elementor-type=\"wp-page\" data-elementor-id=\"1174\" class=\"elementor elementor-1174\">\n\t\t\t\t<div class=\"elementor-element elementor-element-c3d3808 e-flex e-con-boxed e-con e-parent\" data-id=\"c3d3808\" data-element_type=\"container\" data-e-type=\"container\">\n\t\t\t\t\t<div class=\"e-con-inner\">\n\t\t<div class=\"elementor-element elementor-element-795544e e-con-full e-flex e-con e-child\" data-id=\"795544e\" data-element_type=\"container\" data-e-type=\"container\">\n\t\t<div class=\"elementor-element elementor-element-f77ad27 e-con-full e-flex e-con e-child\" data-id=\"f77ad27\" data-element_type=\"container\" data-e-type=\"container\">\n\t\t\t\t<div class=\"elementor-element elementor-element-f70e72f elementor-widget elementor-widget-image\" data-id=\"f70e72f\" data-element_type=\"widget\" data-e-type=\"widget\" data-widget_type=\"image.default\">\n\t\t\t\t<div class=\"elementor-widget-container\">\n\t\t\t\t\t\t\t\t\t\t\t\t\t\t\t<img fetchpriority=\"high\" decoding=\"async\" width=\"1024\" height=\"676\" src=\"https:\/\/www.croatiaforchrist.com\/wp-content\/uploads\/2024\/10\/Slika-53-rotated-e1730193869302-1024x676.jpeg\" class=\"attachment-large size-large wp-image-1962\" alt=\"\" srcset=\"https:\/\/www.croatiaforchrist.com\/wp-content\/uploads\/2024\/10\/Slika-53-rotated-e1730193869302-1024x676.jpeg 1024w, https:\/\/www.croatiaforchrist.com\/wp-content\/uploads\/2024\/10\/Slika-53-rotated-e1730193869302-300x198.jpeg 300w, https:\/\/www.croatiaforchrist.com\/wp-content\/uploads\/2024\/10\/Slika-53-rotated-e1730193869302-768x507.jpeg 768w, https:\/\/www.croatiaforchrist.com\/wp-content\/uploads\/2024\/10\/Slika-53-rotated-e1730193869302-1536x1014.jpeg 1536w, https:\/\/www.croatiaforchrist.com\/wp-content\/uploads\/2024\/10\/Slika-53-rotated-e1730193869302-18x12.jpeg 18w, https:\/\/www.croatiaforchrist.com\/wp-content\/uploads\/2024\/10\/Slika-53-rotated-e1730193869302.jpeg 1920w\" sizes=\"(max-width: 1024px) 100vw, 1024px\" \/>\t\t\t\t\t\t\t\t\t\t\t\t\t\t\t<\/div>\n\t\t\t\t<\/div>\n\t\t\t\t<\/div>\n\t\t<div class=\"elementor-element elementor-element-f59399e e-con-full e-flex e-con e-child\" data-id=\"f59399e\" data-element_type=\"container\" data-e-type=\"container\">\n\t\t\t\t<div class=\"elementor-element elementor-element-fc1b19f elementor-widget elementor-widget-heading\" data-id=\"fc1b19f\" data-element_type=\"widget\" data-e-type=\"widget\" data-widget_type=\"heading.default\">\n\t\t\t\t<div class=\"elementor-widget-container\">\n\t\t\t\t\t<h3 class=\"elementor-heading-title elementor-size-default\">Managing board<\/h3>\t\t\t\t<\/div>\n\t\t\t\t<\/div>\n\t\t\t\t<div class=\"elementor-element elementor-element-29c8d64 elementor-widget elementor-widget-text-editor\" data-id=\"29c8d64\" data-element_type=\"widget\" data-e-type=\"widget\" data-widget_type=\"text-editor.default\">\n\t\t\t\t<div class=\"elementor-widget-container\">\n\t\t\t\t\t\t\t\t\t<p>Croatia for Christ ministry is ran by an independent board. The Managing Board consists of individuals who are actively serving in their churches in the US and one member on the site in Croatia. The members serve as volunteers in spreading the Gospel in Croatia and Serbia.<\/p>\t\t\t\t\t\t\t\t<\/div>\n\t\t\t\t<\/div>\n\t\t\t\t<\/div>\n\t\t\t\t<\/div>\n\t\t\t\t\t<\/div>\n\t\t\t\t<\/div>\n\t\t<div class=\"elementor-element elementor-element-8bb53d3 e-flex e-con-boxed e-con e-parent\" data-id=\"8bb53d3\" data-element_type=\"container\" data-e-type=\"container\">\n\t\t\t\t\t<div class=\"e-con-inner\">\n\t\t<div class=\"elementor-element elementor-element-ac2476b e-con-full e-flex e-con e-child\" data-id=\"ac2476b\" data-element_type=\"container\" data-e-type=\"container\">\n\t\t<div class=\"elementor-element elementor-element-a7d5930 e-con-full e-flex e-con e-child\" data-id=\"a7d5930\" data-element_type=\"container\" data-e-type=\"container\">\n\t\t\t\t<div class=\"elementor-element elementor-element-2425425 elementor-widget elementor-widget-image\" data-id=\"2425425\" data-element_type=\"widget\" data-e-type=\"widget\" data-widget_type=\"image.default\">\n\t\t\t\t<div class=\"elementor-widget-container\">\n\t\t\t\t\t\t\t\t\t\t\t\t\t\t\t<img decoding=\"async\" width=\"1024\" height=\"676\" src=\"https:\/\/www.croatiaforchrist.com\/wp-content\/uploads\/2024\/10\/Slika-54-e1730193731441-1024x676.jpeg\" class=\"attachment-large size-large wp-image-1963\" alt=\"\" srcset=\"https:\/\/www.croatiaforchrist.com\/wp-content\/uploads\/2024\/10\/Slika-54-e1730193731441-1024x676.jpeg 1024w, https:\/\/www.croatiaforchrist.com\/wp-content\/uploads\/2024\/10\/Slika-54-e1730193731441-300x198.jpeg 300w, https:\/\/www.croatiaforchrist.com\/wp-content\/uploads\/2024\/10\/Slika-54-e1730193731441-768x507.jpeg 768w, https:\/\/www.croatiaforchrist.com\/wp-content\/uploads\/2024\/10\/Slika-54-e1730193731441-1536x1014.jpeg 1536w, https:\/\/www.croatiaforchrist.com\/wp-content\/uploads\/2024\/10\/Slika-54-e1730193731441-18x12.jpeg 18w, https:\/\/www.croatiaforchrist.com\/wp-content\/uploads\/2024\/10\/Slika-54-e1730193731441.jpeg 1600w\" sizes=\"(max-width: 1024px) 100vw, 1024px\" \/>\t\t\t\t\t\t\t\t\t\t\t\t\t\t\t<\/div>\n\t\t\t\t<\/div>\n\t\t\t\t<\/div>\n\t\t<div class=\"elementor-element elementor-element-94a3ba2 e-con-full e-flex e-con e-child\" data-id=\"94a3ba2\" data-element_type=\"container\" data-e-type=\"container\">\n\t\t\t\t<div class=\"elementor-element elementor-element-ac515a3 elementor-widget elementor-widget-heading\" data-id=\"ac515a3\" data-element_type=\"widget\" data-e-type=\"widget\" data-widget_type=\"heading.default\">\n\t\t\t\t<div class=\"elementor-widget-container\">\n\t\t\t\t\t<h3 class=\"elementor-heading-title elementor-size-default\">Spiritual oversight<\/h3>\t\t\t\t<\/div>\n\t\t\t\t<\/div>\n\t\t\t\t<div class=\"elementor-element elementor-element-42ac96f elementor-widget elementor-widget-text-editor\" data-id=\"42ac96f\" data-element_type=\"widget\" data-e-type=\"widget\" data-widget_type=\"text-editor.default\">\n\t\t\t\t<div class=\"elementor-widget-container\">\n\t\t\t\t\t\t\t\t\t<p>Crestview Church of Christ from Waco, Texas is has the spiritual oversight of the CfC ministry. This is the church that sent the first missionary couple to Croatia (Yugoslavia at the time) in 1968. As a result, today we have churches all over Croatia worshiping the Lord and sharing the Gospel. For this reason and their faithful support of our ministry we are thankful for their spiritual oversight and guidance of Croatia for Christ ministry.<\/p>\t\t\t\t\t\t\t\t<\/div>\n\t\t\t\t<\/div>\n\t\t\t\t<\/div>\n\t\t\t\t<\/div>\n\t\t\t\t\t<\/div>\n\t\t\t\t<\/div>\n\t\t<div class=\"elementor-element elementor-element-63c33ff e-flex e-con-boxed e-con e-parent\" data-id=\"63c33ff\" data-element_type=\"container\" data-e-type=\"container\">\n\t\t\t\t\t<div class=\"e-con-inner\">\n\t\t<div class=\"elementor-element elementor-element-a7b281e e-con-full e-flex e-con e-child\" data-id=\"a7b281e\" data-element_type=\"container\" data-e-type=\"container\">\n\t\t<div class=\"elementor-element elementor-element-24df1bc e-con-full e-flex e-con e-child\" data-id=\"24df1bc\" data-element_type=\"container\" data-e-type=\"container\">\n\t\t\t\t<div class=\"elementor-element elementor-element-9a81ea3 elementor-widget elementor-widget-image\" data-id=\"9a81ea3\" data-element_type=\"widget\" data-e-type=\"widget\" data-widget_type=\"image.default\">\n\t\t\t\t<div class=\"elementor-widget-container\">\n\t\t\t\t\t\t\t\t\t\t\t\t\t\t\t<img decoding=\"async\" width=\"1024\" height=\"813\" src=\"https:\/\/www.croatiaforchrist.com\/wp-content\/uploads\/2024\/10\/Slika-52-1024x813.jpeg\" class=\"attachment-large size-large wp-image-1961\" alt=\"\" srcset=\"https:\/\/www.croatiaforchrist.com\/wp-content\/uploads\/2024\/10\/Slika-52-1024x813.jpeg 1024w, https:\/\/www.croatiaforchrist.com\/wp-content\/uploads\/2024\/10\/Slika-52-300x238.jpeg 300w, https:\/\/www.croatiaforchrist.com\/wp-content\/uploads\/2024\/10\/Slika-52-768x610.jpeg 768w, https:\/\/www.croatiaforchrist.com\/wp-content\/uploads\/2024\/10\/Slika-52-1536x1219.jpeg 1536w, https:\/\/www.croatiaforchrist.com\/wp-content\/uploads\/2024\/10\/Slika-52-15x12.jpeg 15w, https:\/\/www.croatiaforchrist.com\/wp-content\/uploads\/2024\/10\/Slika-52.jpeg 1920w\" sizes=\"(max-width: 1024px) 100vw, 1024px\" \/>\t\t\t\t\t\t\t\t\t\t\t\t\t\t\t<\/div>\n\t\t\t\t<\/div>\n\t\t\t\t<\/div>\n\t\t<div class=\"elementor-element elementor-element-3f901b0 e-con-full e-flex e-con e-child\" data-id=\"3f901b0\" data-element_type=\"container\" data-e-type=\"container\">\n\t\t\t\t<div class=\"elementor-element elementor-element-0d3a895 elementor-widget elementor-widget-heading\" data-id=\"0d3a895\" data-element_type=\"widget\" data-e-type=\"widget\" data-widget_type=\"heading.default\">\n\t\t\t\t<div class=\"elementor-widget-container\">\n\t\t\t\t\t<h3 class=\"elementor-heading-title elementor-size-default\">Executive manager<\/h3>\t\t\t\t<\/div>\n\t\t\t\t<\/div>\n\t\t\t\t<div class=\"elementor-element elementor-element-12a8844 elementor-widget elementor-widget-text-editor\" data-id=\"12a8844\" data-element_type=\"widget\" data-e-type=\"widget\" data-widget_type=\"text-editor.default\">\n\t\t\t\t<div class=\"elementor-widget-container\">\n\t\t\t\t\t\t\t\t\t<p>\u017deljka Ko\u0161ir serves on the team as the executive manager of the ministry. She is a member of the Vara\u017edin Church of Christ, one of the local churches in Croatia. On the position of the executive manager she executes all the tasks necessary for the various projects of the ministry.<\/p>\t\t\t\t\t\t\t\t<\/div>\n\t\t\t\t<\/div>\n\t\t\t\t<\/div>\n\t\t\t\t<\/div>\n\t\t\t\t\t<\/div>\n\t\t\t\t<\/div>\n\t\t<div class=\"elementor-element elementor-element-b2c915c e-flex e-con-boxed e-con e-parent\" data-id=\"b2c915c\" data-element_type=\"container\" data-e-type=\"container\">\n\t\t\t\t\t<div class=\"e-con-inner\">\n\t\t<div class=\"elementor-element elementor-element-c87fbe0 e-con-full e-flex e-con e-child\" data-id=\"c87fbe0\" data-element_type=\"container\" data-e-type=\"container\">\n\t\t<div class=\"elementor-element elementor-element-65e1e5a e-con-full e-flex e-con e-child\" data-id=\"65e1e5a\" data-element_type=\"container\" data-e-type=\"container\">\n\t\t\t\t<div class=\"elementor-element elementor-element-8c7dd2f elementor-widget elementor-widget-heading\" data-id=\"8c7dd2f\" data-element_type=\"widget\" data-e-type=\"widget\" data-widget_type=\"heading.default\">\n\t\t\t\t<div class=\"elementor-widget-container\">\n\t\t\t\t\t<h3 class=\"elementor-heading-title elementor-size-default\">US representatives<\/h3>\t\t\t\t<\/div>\n\t\t\t\t<\/div>\n\t\t\t\t<div class=\"elementor-element elementor-element-e164a41 elementor-widget elementor-widget-text-editor\" data-id=\"e164a41\" data-element_type=\"widget\" data-e-type=\"widget\" data-widget_type=\"text-editor.default\">\n\t\t\t\t<div class=\"elementor-widget-container\">\n\t\t\t\t\t\t\t\t\t<p>Two US representatives with their wives serve on our missionary team to\ncontact all individuals, churches and mission supporters to share current ministry news\nand projected projects. They are Paul and Barbara Wert and Kyle and Shelly\nThomas, they serve the Lord in their respective churches and have visited Croatia many times to be actively involved with the church body and the Spring or Summer camps. Each of them reports directly to the Croatia for Christ Board to stay involved\nwith their responsibilities in the United States.<\/p>\t\t\t\t\t\t\t\t<\/div>\n\t\t\t\t<\/div>\n\t\t\t\t<\/div>\n\t\t<div class=\"elementor-element elementor-element-22cfc0b e-con-full e-flex e-con e-child\" data-id=\"22cfc0b\" data-element_type=\"container\" data-e-type=\"container\">\n\t\t\t\t<div class=\"elementor-element elementor-element-906766f elementor-widget elementor-widget-image\" data-id=\"906766f\" data-element_type=\"widget\" data-e-type=\"widget\" data-widget_type=\"image.default\">\n\t\t\t\t<div class=\"elementor-widget-container\">\n\t\t\t\t\t\t\t\t\t\t\t\t<figure class=\"wp-caption\">\n\t\t\t\t\t\t\t\t\t\t<img loading=\"lazy\" decoding=\"async\" width=\"1024\" height=\"769\" src=\"https:\/\/www.croatiaforchrist.com\/wp-content\/uploads\/2024\/04\/Slika-47-1024x769.jpg\" class=\"attachment-large size-large wp-image-65\" alt=\"Paul and Barbara Wert\" srcset=\"https:\/\/www.croatiaforchrist.com\/wp-content\/uploads\/2024\/04\/Slika-47-1024x769.jpg 1024w, https:\/\/www.croatiaforchrist.com\/wp-content\/uploads\/2024\/04\/Slika-47-300x225.jpg 300w, https:\/\/www.croatiaforchrist.com\/wp-content\/uploads\/2024\/04\/Slika-47-768x577.jpg 768w, https:\/\/www.croatiaforchrist.com\/wp-content\/uploads\/2024\/04\/Slika-47-1536x1154.jpg 1536w, https:\/\/www.croatiaforchrist.com\/wp-content\/uploads\/2024\/04\/Slika-47.jpg 1600w\" sizes=\"(max-width: 1024px) 100vw, 1024px\" \/>\t\t\t\t\t\t\t\t\t\t\t<figcaption class=\"widget-image-caption wp-caption-text\">Paul and Barbara Wert<\/figcaption>\n\t\t\t\t\t\t\t\t\t\t<\/figure>\n\t\t\t\t\t\t\t\t\t<\/div>\n\t\t\t\t<\/div>\n\t\t\t\t<div class=\"elementor-element elementor-element-b0f2b7d elementor-widget elementor-widget-image\" data-id=\"b0f2b7d\" data-element_type=\"widget\" data-e-type=\"widget\" data-widget_type=\"image.default\">\n\t\t\t\t<div class=\"elementor-widget-container\">\n\t\t\t\t\t\t\t\t\t\t\t\t<figure class=\"wp-caption\">\n\t\t\t\t\t\t\t\t\t\t<img loading=\"lazy\" decoding=\"async\" width=\"768\" height=\"1024\" src=\"https:\/\/www.croatiaforchrist.com\/wp-content\/uploads\/2024\/04\/Slika-48-768x1024.jpg\" class=\"attachment-large size-large wp-image-66\" alt=\"Kyle and Shelly Thomas\" srcset=\"https:\/\/www.croatiaforchrist.com\/wp-content\/uploads\/2024\/04\/Slika-48-768x1024.jpg 768w, https:\/\/www.croatiaforchrist.com\/wp-content\/uploads\/2024\/04\/Slika-48-225x300.jpg 225w, https:\/\/www.croatiaforchrist.com\/wp-content\/uploads\/2024\/04\/Slika-48-1152x1536.jpg 1152w, https:\/\/www.croatiaforchrist.com\/wp-content\/uploads\/2024\/04\/Slika-48.jpg 1440w\" sizes=\"(max-width: 768px) 100vw, 768px\" \/>\t\t\t\t\t\t\t\t\t\t\t<figcaption class=\"widget-image-caption wp-caption-text\">Kyle and Shelly Thomas<\/figcaption>\n\t\t\t\t\t\t\t\t\t\t<\/figure>\n\t\t\t\t\t\t\t\t\t<\/div>\n\t\t\t\t<\/div>\n\t\t\t\t<\/div>\n\t\t\t\t<\/div>\n\t\t\t\t\t<\/div>\n\t\t\t\t<\/div>\n\t\t\t\t<\/div>","protected":false},"excerpt":{"rendered":"<nav class=\"ct-breadcrumbs\" data-source=\"default\" itemscope=\"\" itemtype=\"https:\/\/schema.org\/BreadcrumbList\"><span class=\"first-item\" itemscope=\"\" itemprop=\"itemListElement\" itemtype=\"https:\/\/schema.org\/ListItem\"><meta itemprop=\"position\" content=\"1\"><a href=\"https:\/\/www.croatiaforchrist.com\/en\/\" itemprop=\"item\"><span itemprop=\"name\">Home<\/span><\/a><meta itemprop=\"url\" content=\"https:\/\/www.croatiaforchrist.com\/\"><svg class=\"separator\" fill=\"currentColor\" width=\"8\" height=\"8\" viewbox=\"0 0 8 8\" aria-hidden=\"true\" focusable=\"false\">\n\t\t\t\t<path d=\"M2,6.9L4.8,4L2,1.1L2.6,0l4,4l-4,4L2,6.9z\"><\/path>\n\t\t\t<\/svg><\/span><span class=\"item-0\" itemscope=\"\" itemprop=\"itemListElement\" itemtype=\"https:\/\/schema.org\/ListItem\"><meta itemprop=\"position\" content=\"2\"><span itemprop=\"name\">About us<\/span><meta itemprop=\"url\" content=\"https:\/\/www.croatiaforchrist.com\/o-nama\/\"><svg class=\"separator\" fill=\"currentColor\" width=\"8\" height=\"8\" viewbox=\"0 0 8 8\" aria-hidden=\"true\" focusable=\"false\">\n\t\t\t\t<path d=\"M2,6.9L4.8,4L2,1.1L2.6,0l4,4l-4,4L2,6.9z\"><\/path>\n\t\t\t<\/svg><\/span><span class=\"last-item\" aria-current=\"page\" itemscope=\"\" itemprop=\"itemListElement\" itemtype=\"https:\/\/schema.org\/ListItem\"><meta itemprop=\"position\" content=\"3\"><span itemprop=\"name\">Leadership and team<\/span><meta itemprop=\"url\" content=\"https:\/\/www.croatiaforchrist.com\/o-nama\/vodstvo\/\"><\/span>\t\t\t<\/nav>","protected":false},"author":1,"featured_media":1962,"parent":607,"menu_order":0,"comment_status":"closed","ping_status":"closed","template":"","meta":{"footnotes":""},"class_list":["post-1174","page","type-page","status-publish","has-post-thumbnail","hentry"],"blocksy_meta":{"has_hero_section":"enabled","hero_section":"type-2","hero_structure":"normal","hero_height":{"desktop":"300px","tablet":"260px","mobile":"260px","__changed":["mobile","tablet"]},"styles_descriptor":{"styles":{"desktop":"[data-prefix=\"single_page\"] .entry-header .page-title {--theme-font-size:30px;} [data-prefix=\"single_page\"] .entry-header .entry-meta {--theme-font-weight:600;--theme-text-transform:uppercase;--theme-font-size:12px;--theme-line-height:1.3;} [data-prefix=\"single_page\"] .hero-section[data-type=\"type-2\"] {--min-height:300px;background-color:var(--theme-palette-color-6);background-image:none;--container-padding:50px 0px;} [data-prefix=\"single_page\"] {background-color:var(--theme-palette-color-7);background-image:none;}","tablet":"[data-prefix=\"single_page\"] .hero-section[data-type=\"type-2\"] {--min-height:260px;}","mobile":""},"google_fonts":{"Open Sans":["n4","n6"]},"version":6},"hero_elements":[{"id":"custom_title","enabled":true,"heading_tag":"h1","title":"Home","__id":"CBdL4NwHUADH28SrzEDBc"},{"id":"custom_description","enabled":true,"description_visibility":{"desktop":true,"tablet":true,"mobile":true},"__id":"5bJn0pJsCf8t-JiEUS6X-"},{"id":"custom_meta","enabled":false,"meta_elements":[{"id":"author","enabled":true,"label":"Od","has_author_avatar":"yes","avatar_size":25},{"id":"post_date","enabled":true,"label":"Uklju\u010deno","date_format_source":"default","date_format":"M j, Y"},{"id":"updated_date","enabled":false,"label":"Uklju\u010deno","date_format_source":"default","date_format":"M j, Y"},{"id":"categories","enabled":false,"label":"u","style":"simple"},{"id":"comments","enabled":true}],"page_meta_elements":{"joined":true,"articles_count":true,"comments":true},"__id":"ALKIisLSiGVzR4thC7s_6"},{"id":"breadcrumbs","enabled":false,"__id":"dgYzn2CIqeOmo72_X4LlV"}],"content_style_source":"inherit","background":{"background_type":"color","background_pattern":"type-1","background_image":{"attachment_id":null,"x":0,"y":0},"gradient":"linear-gradient(135deg,rgba(6,147,227,1) 0%,rgb(155,81,224) 100%)","background_repeat":"repeat","background_size":"auto","background_attachment":"scroll","patternColor":{"default":{"color":"#e5e7ea"}},"overlayColor":{"default":{"color":"CT_CSS_SKIP_RULE"}},"backgroundColor":{"default":{"color":"var(--theme-palette-color-7)"}}}},"rttpg_featured_image_url":{"full":["https:\/\/www.croatiaforchrist.com\/wp-content\/uploads\/2024\/10\/Slika-53-rotated-e1730193869302.jpeg",1920,1267,false],"landscape":["https:\/\/www.croatiaforchrist.com\/wp-content\/uploads\/2024\/10\/Slika-53-rotated-e1730193869302.jpeg",1920,1267,false],"portraits":["https:\/\/www.croatiaforchrist.com\/wp-content\/uploads\/2024\/10\/Slika-53-rotated-e1730193869302.jpeg",1920,1267,false],"thumbnail":["https:\/\/www.croatiaforchrist.com\/wp-content\/uploads\/2024\/10\/Slika-53-rotated-e1730193869302-150x150.jpeg",150,150,true],"medium":["https:\/\/www.croatiaforchrist.com\/wp-content\/uploads\/2024\/10\/Slika-53-rotated-e1730193869302-300x198.jpeg",300,198,true],"large":["https:\/\/www.croatiaforchrist.com\/wp-content\/uploads\/2024\/10\/Slika-53-rotated-e1730193869302-1024x676.jpeg",1024,676,true],"1536x1536":["https:\/\/www.croatiaforchrist.com\/wp-content\/uploads\/2024\/10\/Slika-53-rotated-e1730193869302-1536x1014.jpeg",1536,1014,true],"2048x2048":["https:\/\/www.croatiaforchrist.com\/wp-content\/uploads\/2024\/10\/Slika-53-rotated-e1730193869302.jpeg",1920,1267,false],"trp-custom-language-flag":["https:\/\/www.croatiaforchrist.com\/wp-content\/uploads\/2024\/10\/Slika-53-rotated-e1730193869302-18x12.jpeg",18,12,true]},"rttpg_author":{"display_name":"cfc-admin","author_link":"https:\/\/www.croatiaforchrist.com\/en\/author\/cfc-admin\/"},"rttpg_comment":0,"rttpg_category":null,"rttpg_excerpt":"Po\u010detna stranica O nama Vodstvo","_links":{"self":[{"href":"https:\/\/www.croatiaforchrist.com\/en\/wp-json\/wp\/v2\/pages\/1174","targetHints":{"allow":["GET"]}}],"collection":[{"href":"https:\/\/www.croatiaforchrist.com\/en\/wp-json\/wp\/v2\/pages"}],"about":[{"href":"https:\/\/www.croatiaforchrist.com\/en\/wp-json\/wp\/v2\/types\/page"}],"author":[{"embeddable":true,"href":"https:\/\/www.croatiaforchrist.com\/en\/wp-json\/wp\/v2\/users\/1"}],"replies":[{"embeddable":true,"href":"https:\/\/www.croatiaforchrist.com\/en\/wp-json\/wp\/v2\/comments?post=1174"}],"version-history":[{"count":0,"href":"https:\/\/www.croatiaforchrist.com\/en\/wp-json\/wp\/v2\/pages\/1174\/revisions"}],"up":[{"embeddable":true,"href":"https:\/\/www.croatiaforchrist.com\/en\/wp-json\/wp\/v2\/pages\/607"}],"wp:featuredmedia":[{"embeddable":true,"href":"https:\/\/www.croatiaforchrist.com\/en\/wp-json\/wp\/v2\/media\/1962"}],"wp:attachment":[{"href":"https:\/\/www.croatiaforchrist.com\/en\/wp-json\/wp\/v2\/media?parent=1174"}],"curies":[{"name":"wp","href":"https:\/\/api.w.org\/{rel}","templated":true}]}}